{"id":71,"date":"2020-01-14T11:03:09","date_gmt":"2020-01-14T11:03:09","guid":{"rendered":"https:\/\/windelen.org\/?page_id=71"},"modified":"2023-10-19T05:45:37","modified_gmt":"2023-10-19T05:45:37","slug":"windelen-orgel-ihr-partner-fuer-ihren-erfolg","status":"publish","type":"page","link":"https:\/\/windelen.org\/","title":{"rendered":"Windelen.Orgel: Ihr Partner f\u00fcr Ihren Erfolg"},"content":{"rendered":"<p><span style=\"color: #ff0000;\"><strong>DIESE SEITE IST NICHT MEHR AKTUELL!!!<\/strong><\/span><\/p>\n<p><span style=\"color: #ff0000;\">BITTE GEHEN SIE AUF<\/span> : <span style=\"color: #3366ff;\">www.wiboweb.de<\/span><\/p>\n<p>&nbsp;<\/p>\n<p><span style=\"color: #000000;\">Ich bin Ihr Berater, Stratege, Projektleiter, Interimsmanager, Gutachter, Planer, Vermittler und Netzwerker. Kurzum: Ich bin Ihr Partner f\u00fcr Ihren Erfolg im Orgelbau.<\/span><\/p>\n<p><span style=\"color: #000000;\">Mit meinen Kunden teile ich die Leidenschaft f\u00fcr meisterhafte Instrumente, den Anspruch an h\u00f6chste Qualit\u00e4t und das Bekenntnis zu vertrauensvollen Partnerschaften. Zugleich eint uns das Streben nach wirtschaftlichen, nachhaltigen und verl\u00e4sslichen L\u00f6sungen.<\/span><\/p>\n<p><span style=\"color: #000000;\">In unsere Zusammenarbeit bringe ich langj\u00e4hrige Erfahrungen in Entwicklung, Bau und Vertrieb von Orgeln und Klavieren, fundierte Kenntnisse der internationalen M\u00e4rkte, starke Netzwerke mit Anbietern und Abnehmern und tiefe Beziehungen in die Branche und die Branchenverb\u00e4nde ein.<\/span><\/p>\n<p>Ihre Herausforderungen nehme ich als die meinen an \u2013 mit gro\u00dfer Aufmerksamkeit f\u00fcrs Detail und strategischem Weitblick sowie mit hoher Loyalit\u00e4t und inspirierender Au\u00dfensicht.<\/p>\n<p>Meine Leistungen:<\/p>\n<ul>\n<li>Planung und Begleitung von Unternehmensnachfolgen<\/li>\n<li>Interimsmanagement<\/li>\n<li>Strategische Beratung<\/li>\n<li>Gutachten<\/li>\n<li>Projektmanagement und Projektleitung<\/li>\n<li>Vermittlung von Instrumenten, Fachleuten und Wissen<\/li>\n<li>&#8230;<\/li>\n<\/ul>\n","protected":false},"excerpt":{"rendered":"<p>DIESE SEITE IST NICHT MEHR AKTUELL!!! BITTE GEHEN SIE AUF : www.wiboweb.de &nbsp; Ich bin Ihr Berater, Stratege, Projektleiter, Interimsmanager, Gutachter, Planer, Vermittler und Netzwerker. Kurzum: Ich bin Ihr Partner &#8230;<\/p>\n","protected":false},"author":1,"featured_media":80,"parent":0,"menu_order":0,"comment_status":"closed","ping_status":"closed","template":"template-frontpage.php","meta":{"footnotes":""},"class_list":["post-71","page","type-page","status-publish","has-post-thumbnail","hentry"],"_links":{"self":[{"href":"https:\/\/windelen.org\/index.php?rest_route=\/wp\/v2\/pages\/71","targetHints":{"allow":["GET"]}}],"collection":[{"href":"https:\/\/windelen.org\/index.php?rest_route=\/wp\/v2\/pages"}],"about":[{"href":"https:\/\/windelen.org\/index.php?rest_route=\/wp\/v2\/types\/page"}],"author":[{"embeddable":true,"href":"https:\/\/windelen.org\/index.php?rest_route=\/wp\/v2\/users\/1"}],"replies":[{"embeddable":true,"href":"https:\/\/windelen.org\/index.php?rest_route=%2Fwp%2Fv2%2Fcomments&post=71"}],"version-history":[{"count":7,"href":"https:\/\/windelen.org\/index.php?rest_route=\/wp\/v2\/pages\/71\/revisions"}],"predecessor-version":[{"id":420,"href":"https:\/\/windelen.org\/index.php?rest_route=\/wp\/v2\/pages\/71\/revisions\/420"}],"wp:featuredmedia":[{"embeddable":true,"href":"https:\/\/windelen.org\/index.php?rest_route=\/wp\/v2\/media\/80"}],"wp:attachment":[{"href":"https:\/\/windelen.org\/index.php?rest_route=%2Fwp%2Fv2%2Fmedia&parent=71"}],"curies":[{"name":"wp","href":"https:\/\/api.w.org\/{rel}","templated":true}]}}