{"id":44,"date":"2020-01-01T12:37:00","date_gmt":"2020-01-01T12:37:00","guid":{"rendered":"https:\/\/windelen.org\/?page_id=44"},"modified":"2021-07-22T10:56:08","modified_gmt":"2021-07-22T10:56:08","slug":"ueber-mich","status":"publish","type":"page","link":"https:\/\/windelen.org\/?page_id=44","title":{"rendered":"Windelen.Orgel: Kompetenz und Passion"},"content":{"rendered":"<p><img loading=\"lazy\" decoding=\"async\" class=\"alignleft wp-image-88 size-medium\" src=\"https:\/\/windelen.org\/wp-content\/uploads\/2020\/01\/Portrait_Keller-Weikersheim_beschnitten-quer-300x205.jpg\" alt=\"\" width=\"300\" height=\"205\" srcset=\"https:\/\/windelen.org\/wp-content\/uploads\/2020\/01\/Portrait_Keller-Weikersheim_beschnitten-quer-300x205.jpg 300w, https:\/\/windelen.org\/wp-content\/uploads\/2020\/01\/Portrait_Keller-Weikersheim_beschnitten-quer-768x524.jpg 768w, https:\/\/windelen.org\/wp-content\/uploads\/2020\/01\/Portrait_Keller-Weikersheim_beschnitten-quer.jpg 800w\" sizes=\"auto, (max-width: 300px) 100vw, 300px\" \/>Windelen.Orgel bin ich: Magnus Windelen. Und damit mehr als 30 Jahre an Erfahrung, Know-how, Beziehungen und Begeisterung im Orgel- und Klavierbau. Mein berufliches Fundament bilden eine Ausbildung zum Orgel- und Harmoniumbauer und ein Studium der Musikwissenschaften und Kunstgeschichte. Darauf aufbauend habe ich meine Kompetenzen stetig erweitert: in f\u00fchrender Position bei dem renommierten Orgelbauer Johannes Klais, als Gesch\u00e4ftsf\u00fchrer des weltweit angesehenen Orgelbauzulieferers Aug. Laukhuff und zuletzt im internationalen Vertrieb bei dem traditionsreichen Klavierbauer C. Bechstein.<\/p>\n<p>Mit meiner Agentur f\u00fcr Orgelbau widme ich mich allen Fragen, die Orgelbauer bewegen: von der Konzeption und Planung von Neubauten \u00fcber Modernisierungen und Restaurierungen bis hin zu Strategien f\u00fcr die Unternehmensentwicklung und der Unterst\u00fctzung bei der Unternehmensf\u00fchrung.<\/p>\n","protected":false},"excerpt":{"rendered":"<p>Windelen.Orgel bin ich: Magnus Windelen. Und damit mehr als 30 Jahre an Erfahrung, Know-how, Beziehungen und Begeisterung im Orgel- und Klavierbau. Mein berufliches Fundament bilden eine Ausbildung zum Orgel- und &#8230;<\/p>\n","protected":false},"author":1,"featured_media":45,"parent":0,"menu_order":0,"comment_status":"closed","ping_status":"closed","template":"","meta":{"footnotes":""},"class_list":["post-44","page","type-page","status-publish","has-post-thumbnail","hentry"],"_links":{"self":[{"href":"https:\/\/windelen.org\/index.php?rest_route=\/wp\/v2\/pages\/44","targetHints":{"allow":["GET"]}}],"collection":[{"href":"https:\/\/windelen.org\/index.php?rest_route=\/wp\/v2\/pages"}],"about":[{"href":"https:\/\/windelen.org\/index.php?rest_route=\/wp\/v2\/types\/page"}],"author":[{"embeddable":true,"href":"https:\/\/windelen.org\/index.php?rest_route=\/wp\/v2\/users\/1"}],"replies":[{"embeddable":true,"href":"https:\/\/windelen.org\/index.php?rest_route=%2Fwp%2Fv2%2Fcomments&post=44"}],"version-history":[{"count":5,"href":"https:\/\/windelen.org\/index.php?rest_route=\/wp\/v2\/pages\/44\/revisions"}],"predecessor-version":[{"id":240,"href":"https:\/\/windelen.org\/index.php?rest_route=\/wp\/v2\/pages\/44\/revisions\/240"}],"wp:featuredmedia":[{"embeddable":true,"href":"https:\/\/windelen.org\/index.php?rest_route=\/wp\/v2\/media\/45"}],"wp:attachment":[{"href":"https:\/\/windelen.org\/index.php?rest_route=%2Fwp%2Fv2%2Fmedia&parent=44"}],"curies":[{"name":"wp","href":"https:\/\/api.w.org\/{rel}","templated":true}]}}